{"id":64,"date":"2024-10-04T06:39:26","date_gmt":"2024-10-04T06:39:26","guid":{"rendered":"http:\/\/www.ulabana.x01.pl\/?page_id=64"},"modified":"2024-10-04T06:39:35","modified_gmt":"2024-10-04T06:39:35","slug":"domek","status":"publish","type":"page","link":"https:\/\/www.ulabana.x01.pl\/?page_id=64","title":{"rendered":"DOMEK"},"content":{"rendered":"\n  \n    <section class=\"skrollable u-align-center u-clearfix u-container-align-center u-grey-10 u-lightbox u-section-1\" id=\"sec-2af4\">\n      <div class=\"u-clearfix u-sheet u-sheet-1\">\n        <div class=\"u-border-20 u-border-palette-2-base u-expanded-width u-shape u-shape-rectangle u-shape-1\" data-animation-name=\"customAnimationIn\" data-animation-duration=\"1000\" data-animation-direction=\"\"><\/div>\n        <p class=\"u-text u-text-grey-50 u-text-1\">Oferujemy do wynaj\u0119cia domek na 13 os\u00f3b w pe\u0142ni umeblowany z wszelkimi wygodami normalnego domu.Cena wynosi 850 z\u0142 za dob\u0119,oferta skierowana dla firm oraz grup zorganizowanych.Przy d\u0142u\u017cszym pobycie mo\u017cliwo\u015b\u0107 negocjowania ceny.<br>\n        <\/p>\n        <div class=\"u-gallery u-layout-grid u-lightbox u-no-transition u-show-text-none u-gallery-1\">\n          <div class=\"u-gallery-inner u-gallery-inner-1\">\n            <div class=\"u-effect-hover-zoom u-gallery-item\">\n              <div class=\"u-back-slide\" data-image-width=\"1280\" data-image-height=\"720\">\n                <img class=\"u-back-image u-expanded lazyload\" data-src=\"https:\/\/www.ulabana.x01.pl\/wp-content\/uploads\/2024\/10\/20.jpg\">\n              <\/div>\n              <div class=\"u-over-slide u-shading u-over-slide-1\"><\/div>\n            <\/div>\n            <div class=\"u-effect-hover-zoom u-gallery-item\">\n              <div class=\"u-back-slide\" data-image-width=\"1280\" data-image-height=\"720\">\n                <img class=\"u-back-image u-expanded lazyload\" data-src=\"https:\/\/www.ulabana.x01.pl\/wp-content\/uploads\/2024\/10\/17.jpg\">\n              <\/div>\n              <div class=\"u-over-slide u-shading u-over-slide-2\"><\/div>\n            <\/div>\n            <div class=\"u-effect-hover-zoom u-gallery-item\">\n              <div class=\"u-back-slide\" data-image-width=\"1280\" data-image-height=\"720\">\n                <img class=\"u-back-image u-expanded lazyload\" data-src=\"https:\/\/www.ulabana.x01.pl\/wp-content\/uploads\/2024\/10\/18.jpg\">\n              <\/div>\n              <div class=\"u-over-slide u-shading u-over-slide-3\"><\/div>\n            <\/div>\n            <div class=\"u-effect-hover-zoom u-gallery-item\">\n              <div class=\"u-back-slide\" data-image-width=\"1280\" data-image-height=\"720\">\n                <img class=\"u-back-image u-expanded lazyload\" data-src=\"https:\/\/www.ulabana.x01.pl\/wp-content\/uploads\/2024\/10\/domek3.jpg\">\n              <\/div>\n              <div class=\"u-over-slide u-shading u-over-slide-4\"><\/div>\n            <\/div>\n            <div class=\"u-effect-hover-zoom u-gallery-item\">\n              <div class=\"u-back-slide\" data-image-width=\"1200\" data-image-height=\"826\">\n                <img class=\"u-back-image u-expanded lazyload\" data-src=\"https:\/\/www.ulabana.x01.pl\/wp-content\/uploads\/2024\/10\/domek4.jpg\">\n              <\/div>\n              <div class=\"u-over-slide u-shading u-over-slide-5\"><\/div>\n            <\/div>\n            <div class=\"u-effect-hover-zoom u-gallery-item\">\n              <div class=\"u-back-slide\" data-image-width=\"1200\" data-image-height=\"826\">\n                <img class=\"u-back-image u-expanded lazyload\" data-src=\"https:\/\/www.ulabana.x01.pl\/wp-content\/uploads\/2024\/10\/domek5.jpg\">\n              <\/div>\n              <div class=\"u-over-slide u-shading u-over-slide-6\"><\/div>\n            <\/div>\n          <\/div>\n        <\/div>\n      <\/div>\n    <\/section>\n    \n    \n    \n    \n    \n  \n","protected":false},"excerpt":{"rendered":"<p>Oferujemy do wynaj\u0119cia domek na 13 os\u00f3b w pe\u0142ni umeblowany z wszelkimi wygodami normalnego domu.Cena wynosi 850 z\u0142 za dob\u0119,oferta skierowana dla firm oraz grup zorganizowanych.Przy d\u0142u\u017cszym pobycie mo\u017cliwo\u015b\u0107 negocjowania ceny.<\/p>\n","protected":false},"author":1,"featured_media":0,"parent":0,"menu_order":1,"comment_status":"closed","ping_status":"closed","template":"","meta":{"footnotes":""},"class_list":["post-64","page","type-page","status-publish","hentry"],"_links":{"self":[{"href":"https:\/\/www.ulabana.x01.pl\/index.php?rest_route=\/wp\/v2\/pages\/64","targetHints":{"allow":["GET"]}}],"collection":[{"href":"https:\/\/www.ulabana.x01.pl\/index.php?rest_route=\/wp\/v2\/pages"}],"about":[{"href":"https:\/\/www.ulabana.x01.pl\/index.php?rest_route=\/wp\/v2\/types\/page"}],"author":[{"embeddable":true,"href":"https:\/\/www.ulabana.x01.pl\/index.php?rest_route=\/wp\/v2\/users\/1"}],"replies":[{"embeddable":true,"href":"https:\/\/www.ulabana.x01.pl\/index.php?rest_route=%2Fwp%2Fv2%2Fcomments&post=64"}],"version-history":[{"count":1,"href":"https:\/\/www.ulabana.x01.pl\/index.php?rest_route=\/wp\/v2\/pages\/64\/revisions"}],"predecessor-version":[{"id":78,"href":"https:\/\/www.ulabana.x01.pl\/index.php?rest_route=\/wp\/v2\/pages\/64\/revisions\/78"}],"wp:attachment":[{"href":"https:\/\/www.ulabana.x01.pl\/index.php?rest_route=%2Fwp%2Fv2%2Fmedia&parent=64"}],"curies":[{"name":"wp","href":"https:\/\/api.w.org\/{rel}","templated":true}]}}