{"id":67,"date":"2024-10-04T06:39:29","date_gmt":"2024-10-04T06:39:29","guid":{"rendered":"http:\/\/www.ulabana.x01.pl\/?page_id=67"},"modified":"2024-10-04T06:39:36","modified_gmt":"2024-10-04T06:39:36","slug":"apartament","status":"publish","type":"page","link":"https:\/\/www.ulabana.x01.pl\/?page_id=67","title":{"rendered":"APARTAMENT"},"content":{"rendered":"\n  \n    <section class=\"u-clearfix u-section-1\" id=\"sec-426c\">\n      <div class=\"u-palette-2-base u-shape u-shape-rectangle u-shape-1\" data-animation-name=\"flipIn\" data-animation-duration=\"1000\" data-animation-direction=\"X\"><\/div>\n      <div class=\"data-layout-selected u-clearfix u-gutter-34 u-layout-wrap u-layout-wrap-1\">\n        <div class=\"u-gutter-0 u-layout\">\n          <div class=\"u-layout-col\">\n            <div class=\"u-size-15 u-size-30-md\">\n              <div class=\"u-layout-row\">\n                <div class=\"u-container-style u-effect-over-left u-hover-box u-image u-layout-cell u-size-30 lazyload u-image-1\" data-image-width=\"1200\" data-image-height=\"900\" data-bg=\"url(&quot;https:\/\/www.ulabana.x01.pl\/wp-content\/uploads\/2024\/10\/26-ketrzyn-zajazd-u-labana.jpg?rand=bd5f&quot;)\">\n                  <div class=\"u-back-slide u-container-layout u-container-layout-1\" data-image-width=\"1280\" data-image-height=\"720\" style=\"background-image: url(&quot;https:\/\/www.ulabana.x01.pl\/wp-content\/uploads\/2024\/10\/12.jpg&quot;);\"><\/div>\n                  <div class=\"u-black u-container-layout u-opacity u-opacity-25 u-over-slide u-container-layout-2\"><\/div>\n                <\/div>\n                <div class=\"u-container-style u-effect-over-left u-hover-box u-image u-layout-cell u-size-30 lazyload u-image-2\" data-image-width=\"1200\" data-image-height=\"900\" data-bg=\"url(&quot;https:\/\/www.ulabana.x01.pl\/wp-content\/uploads\/2024\/10\/24-ketrzyn-zajazd-u-labana.jpg&quot;)\">\n                  <div class=\"u-back-slide u-container-layout u-container-layout-3\"><\/div>\n                  <div class=\"u-black u-container-layout u-opacity u-opacity-25 u-over-slide u-container-layout-4\"><\/div>\n                <\/div>\n              <\/div>\n            <\/div>\n            <div class=\"u-size-15 u-size-30-md\">\n              <div class=\"u-layout-row\">\n                <div class=\"u-container-style u-effect-over-left u-hover-box u-image u-layout-cell u-size-30 lazyload u-image-3\" data-image-width=\"1103\" data-image-height=\"620\" data-bg=\"url(&quot;https:\/\/www.ulabana.x01.pl\/wp-content\/uploads\/2024\/10\/10.jpg&quot;)\">\n                  <div class=\"u-back-slide u-container-layout u-container-layout-5\" data-image-width=\"1280\" data-image-height=\"720\" style=\"background-image: url(&quot;https:\/\/www.ulabana.x01.pl\/wp-content\/uploads\/2024\/10\/a2c2f1e2ae3803dbadfff95447d62cf8.jpg&quot;);\"><\/div>\n                  <div class=\"u-black u-container-layout u-opacity u-opacity-25 u-over-slide u-container-layout-6\"><\/div>\n                <\/div>\n                <div class=\"u-container-style u-effect-over-left u-hover-box u-image u-layout-cell u-size-30 lazyload u-image-4\" data-image-width=\"1200\" data-image-height=\"900\" data-bg=\"url(&quot;https:\/\/www.ulabana.x01.pl\/wp-content\/uploads\/2024\/10\/36-k-trzyn-zajazd-u-abana.jpg&quot;)\">\n                  <div class=\"u-back-slide u-container-layout u-container-layout-7\" data-image-width=\"1280\" data-image-height=\"720\" style=\"background-image: url(&quot;https:\/\/www.ulabana.x01.pl\/wp-content\/uploads\/2024\/10\/14.jpg&quot;);\"><\/div>\n                  <div class=\"u-black u-container-layout u-opacity u-opacity-25 u-over-slide u-container-layout-8\"><\/div>\n                <\/div>\n              <\/div>\n            <\/div>\n            <div class=\"u-size-30 u-size-60-md\">\n              <div class=\"u-layout-row\">\n                <div class=\"u-container-style u-layout-cell u-size-60 u-white u-layout-cell-5\">\n                  <div class=\"u-container-layout u-container-layout-9\">\n                    <h2 class=\"u-text u-text-1\"> Apartament<\/h2>\n                    <p class=\"u-text u-text-2\">Do dyspozycji go\u015bci oddajemy apartament w kt\u00f3rym istnieje mo\u017cliwo\u015b\u0107 zakwaterowania 5 os\u00f3b.Idealny dla rodzin.<br>\n                    <\/p>\n                  <\/div>\n                <\/div>\n              <\/div>\n            <\/div>\n          <\/div>\n        <\/div>\n      <\/div>\n    <\/section>\n    \n    \n    \n    \n    \n  \n","protected":false},"excerpt":{"rendered":"<p>Apartament Do dyspozycji go\u015bci oddajemy apartament w kt\u00f3rym istnieje mo\u017cliwo\u015b\u0107 zakwaterowania 5 os\u00f3b.Idealny dla rodzin.<\/p>\n","protected":false},"author":1,"featured_media":0,"parent":0,"menu_order":4,"comment_status":"closed","ping_status":"closed","template":"","meta":{"footnotes":""},"class_list":["post-67","page","type-page","status-publish","hentry"],"_links":{"self":[{"href":"https:\/\/www.ulabana.x01.pl\/index.php?rest_route=\/wp\/v2\/pages\/67","targetHints":{"allow":["GET"]}}],"collection":[{"href":"https:\/\/www.ulabana.x01.pl\/index.php?rest_route=\/wp\/v2\/pages"}],"about":[{"href":"https:\/\/www.ulabana.x01.pl\/index.php?rest_route=\/wp\/v2\/types\/page"}],"author":[{"embeddable":true,"href":"https:\/\/www.ulabana.x01.pl\/index.php?rest_route=\/wp\/v2\/users\/1"}],"replies":[{"embeddable":true,"href":"https:\/\/www.ulabana.x01.pl\/index.php?rest_route=%2Fwp%2Fv2%2Fcomments&post=67"}],"version-history":[{"count":1,"href":"https:\/\/www.ulabana.x01.pl\/index.php?rest_route=\/wp\/v2\/pages\/67\/revisions"}],"predecessor-version":[{"id":81,"href":"https:\/\/www.ulabana.x01.pl\/index.php?rest_route=\/wp\/v2\/pages\/67\/revisions\/81"}],"wp:attachment":[{"href":"https:\/\/www.ulabana.x01.pl\/index.php?rest_route=%2Fwp%2Fv2%2Fmedia&parent=67"}],"curies":[{"name":"wp","href":"https:\/\/api.w.org\/{rel}","templated":true}]}}