{"id":68,"date":"2024-10-04T06:39:30","date_gmt":"2024-10-04T06:39:30","guid":{"rendered":"http:\/\/www.ulabana.x01.pl\/?page_id=68"},"modified":"2024-10-04T06:53:40","modified_gmt":"2024-10-04T06:53:40","slug":"o-nas","status":"publish","type":"page","link":"https:\/\/www.ulabana.x01.pl\/?page_id=68","title":{"rendered":"O NAS"},"content":{"rendered":"\n    \n    <section class=\"u-align-center u-clearfix u-container-align-center u-grey-10 u-section-2\" id=\"sec-8109\">\n      <div class=\"u-clearfix u-sheet u-sheet-1\">\n        <h5 class=\"u-custom-font u-font-montserrat u-text u-text-default u-text-1\">To my jeste\u015bmy dla was<\/h5>\n        <h2 class=\"u-custom-font u-font-montserrat u-text u-text-2\">najwi\u0119kszym podzi\u0119kowaniem jest wasz powr\u00f3t na mazurskie jeziora<\/h2>\n        <div class=\"u-expanded-width u-list u-list-1\">\n          <div class=\"u-repeater u-repeater-1\">\n            <div class=\"u-align-center u-container-align-center u-container-style u-custom-item u-hover-feature u-list-item u-repeater-item u-border-palette-3-base u-border-2 u-palette-3-light-3 u-list-item-1\">\n              <div class=\"u-container-layout u-similar-container u-container-layout-1\"><span class=\"u-icon u-text-palette-3-base u-icon-1\"><svg class=\"u-svg-link\" preserveAspectRatio=\"xMidYMin slice\" viewBox=\"0 0 60 60\" style=\"\"><use xmlns:xlink=\"http:\/\/www.w3.org\/1999\/xlink\" xlink:href=\"#svg-5f09\"><\/use><\/svg><svg class=\"u-svg-content\" viewBox=\"0 0 60 60\" x=\"0px\" y=\"0px\" id=\"svg-5f09\" style=\"enable-background:new 0 0 60 60;\"><g><path d=\"M42.595,0H17.405C14.977,0,13,1.977,13,4.405v51.189C13,58.023,14.977,60,17.405,60h25.189C45.023,60,47,58.023,47,55.595\n\t\tV4.405C47,1.977,45.023,0,42.595,0z M15,8h30v38H15V8z M17.405,2h25.189C43.921,2,45,3.079,45,4.405V6H15V4.405\n\t\tC15,3.079,16.079,2,17.405,2z M42.595,58H17.405C16.079,58,15,56.921,15,55.595V48h30v7.595C45,56.921,43.921,58,42.595,58z\"><\/path><path d=\"M30,49c-2.206,0-4,1.794-4,4s1.794,4,4,4s4-1.794,4-4S32.206,49,30,49z M30,55c-1.103,0-2-0.897-2-2s0.897-2,2-2\n\t\ts2,0.897,2,2S31.103,55,30,55z\"><\/path><path d=\"M26,5h4c0.553,0,1-0.447,1-1s-0.447-1-1-1h-4c-0.553,0-1,0.447-1,1S25.447,5,26,5z\"><\/path><path d=\"M33,5h1c0.553,0,1-0.447,1-1s-0.447-1-1-1h-1c-0.553,0-1,0.447-1,1S32.447,5,33,5z\"><\/path><path d=\"M56.612,4.569c-0.391-0.391-1.023-0.391-1.414,0s-0.391,1.023,0,1.414c3.736,3.736,3.736,9.815,0,13.552\n\t\tc-0.391,0.391-0.391,1.023,0,1.414c0.195,0.195,0.451,0.293,0.707,0.293s0.512-0.098,0.707-0.293\n\t\tC61.128,16.434,61.128,9.085,56.612,4.569z\"><\/path><path d=\"M52.401,6.845c-0.391-0.391-1.023-0.391-1.414,0s-0.391,1.023,0,1.414c1.237,1.237,1.918,2.885,1.918,4.639\n\t\ts-0.681,3.401-1.918,4.638c-0.391,0.391-0.391,1.023,0,1.414c0.195,0.195,0.451,0.293,0.707,0.293s0.512-0.098,0.707-0.293\n\t\tc1.615-1.614,2.504-3.764,2.504-6.052S54.017,8.459,52.401,6.845z\"><\/path><path d=\"M4.802,5.983c0.391-0.391,0.391-1.023,0-1.414s-1.023-0.391-1.414,0c-4.516,4.516-4.516,11.864,0,16.38\n\t\tc0.195,0.195,0.451,0.293,0.707,0.293s0.512-0.098,0.707-0.293c0.391-0.391,0.391-1.023,0-1.414\n\t\tC1.065,15.799,1.065,9.72,4.802,5.983z\"><\/path><path d=\"M9.013,6.569c-0.391-0.391-1.023-0.391-1.414,0c-1.615,1.614-2.504,3.764-2.504,6.052s0.889,4.438,2.504,6.053\n\t\tc0.195,0.195,0.451,0.293,0.707,0.293s0.512-0.098,0.707-0.293c0.391-0.391,0.391-1.023,0-1.414\n\t\tc-1.237-1.237-1.918-2.885-1.918-4.639S7.775,9.22,9.013,7.983C9.403,7.593,9.403,6.96,9.013,6.569z\"><\/path>\n<\/g><\/svg><\/span>\n                <h5 class=\"u-custom-font u-font-montserrat u-text u-text-3\"> Strategia<\/h5>\n                <p class=\"u-text u-text-grey-40 u-text-4\">Nasz sukces jest zale\u017cny od WAS,dlatego te\u017c nasi klienci s\u0105 dla nas najwa\u017cniejsi.<\/p>\n              <\/div>\n            <\/div>\n            <div class=\"u-align-center u-container-align-center u-container-style u-custom-item u-hover-feature u-list-item u-repeater-item u-border-palette-3-base u-border-2 u-list-item-2\">\n              <div class=\"u-container-layout u-similar-container u-container-layout-2\"><span class=\"u-icon u-text-palette-3-base u-icon-2\"><svg class=\"u-svg-link\" preserveAspectRatio=\"xMidYMin slice\" viewBox=\"0 0 54 54\" style=\"\"><use xmlns:xlink=\"http:\/\/www.w3.org\/1999\/xlink\" xlink:href=\"#svg-c927\"><\/use><\/svg><svg class=\"u-svg-content\" viewBox=\"0 0 54 54\" x=\"0px\" y=\"0px\" id=\"svg-c927\" style=\"enable-background:new 0 0 54 54;\"><g><path d=\"M27,8c-9.374,0-17,7.626-17,17c0,7.112,4.391,13.412,11,15.9V50c0,0.553,0.447,1,1,1h1v2c0,0.553,0.447,1,1,1h6\n\t\tc0.553,0,1-0.447,1-1v-2h1c0.553,0,1-0.447,1-1v-9.1c6.609-2.488,11-8.788,11-15.9C44,15.626,36.374,8,27,8z M30,49\n\t\tc-0.553,0-1,0.447-1,1v2h-4v-2c0-0.553-0.447-1-1-1h-1v-5h8v5H30z M31.688,39.242C31.277,39.377,31,39.761,31,40.192V42h-8v-1.808\n\t\tc0-0.432-0.277-0.815-0.688-0.95C16.145,37.214,12,31.49,12,25c0-8.271,6.729-15,15-15s15,6.729,15,15\n\t\tC42,31.49,37.855,37.214,31.688,39.242z\"><\/path><path d=\"M27,6c0.553,0,1-0.447,1-1V1c0-0.553-0.447-1-1-1s-1,0.447-1,1v4C26,5.553,26.447,6,27,6z\"><\/path><path d=\"M51,24h-4c-0.553,0-1,0.447-1,1s0.447,1,1,1h4c0.553,0,1-0.447,1-1S51.553,24,51,24z\"><\/path><path d=\"M7,24H3c-0.553,0-1,0.447-1,1s0.447,1,1,1h4c0.553,0,1-0.447,1-1S7.553,24,7,24z\"><\/path><path d=\"M43.264,7.322l-2.828,2.828c-0.391,0.391-0.391,1.023,0,1.414c0.195,0.195,0.451,0.293,0.707,0.293\n\t\ts0.512-0.098,0.707-0.293l2.828-2.828c0.391-0.391,0.391-1.023,0-1.414S43.654,6.932,43.264,7.322z\"><\/path><path d=\"M12.15,38.436l-2.828,2.828c-0.391,0.391-0.391,1.023,0,1.414c0.195,0.195,0.451,0.293,0.707,0.293\n\t\ts0.512-0.098,0.707-0.293l2.828-2.828c0.391-0.391,0.391-1.023,0-1.414S12.541,38.045,12.15,38.436z\"><\/path><path d=\"M41.85,38.436c-0.391-0.391-1.023-0.391-1.414,0s-0.391,1.023,0,1.414l2.828,2.828c0.195,0.195,0.451,0.293,0.707,0.293\n\t\ts0.512-0.098,0.707-0.293c0.391-0.391,0.391-1.023,0-1.414L41.85,38.436z\"><\/path><path d=\"M12.15,11.564c0.195,0.195,0.451,0.293,0.707,0.293s0.512-0.098,0.707-0.293c0.391-0.391,0.391-1.023,0-1.414l-2.828-2.828\n\t\tc-0.391-0.391-1.023-0.391-1.414,0s-0.391,1.023,0,1.414L12.15,11.564z\"><\/path><path d=\"M27,13c-6.617,0-12,5.383-12,12c0,0.553,0.447,1,1,1s1-0.447,1-1c0-5.514,4.486-10,10-10c0.553,0,1-0.447,1-1\n\t\tS27.553,13,27,13z\"><\/path>\n<\/g><\/svg><\/span>\n                <h5 class=\"u-custom-font u-font-montserrat u-text u-text-5\"> Rozwi\u0105zania<\/h5>\n                <p class=\"u-text u-text-grey-40 u-text-6\">Wszelkiego rodzaju pytania oraz nietypowe wymagania odno\u015bnie \npobytu,prosimy zg\u0142asza\u0107 telefonicznie lub poprzez formularz kontaktowy<\/p>\n              <\/div>\n            <\/div>\n            <div class=\"u-align-center u-container-align-center u-container-style u-custom-item u-hover-feature u-list-item u-repeater-item u-border-palette-3-base u-border-2 u-palette-3-light-3 u-list-item-3\">\n              <div class=\"u-container-layout u-similar-container u-container-layout-3\"><span class=\"u-icon u-text-palette-3-base u-icon-3\"><svg class=\"u-svg-link\" preserveAspectRatio=\"xMidYMin slice\" viewBox=\"0 0 60 60\" style=\"\"><use xmlns:xlink=\"http:\/\/www.w3.org\/1999\/xlink\" xlink:href=\"#svg-0772\"><\/use><\/svg><svg class=\"u-svg-content\" viewBox=\"0 0 60 60\" x=\"0px\" y=\"0px\" id=\"svg-0772\" style=\"enable-background:new 0 0 60 60;\"><g><path d=\"M14,36.182h14v-10H14V36.182z M16,34.182v-3h10v3H16z M26,28.182v1H16v-1H26z\"><\/path><path d=\"M14,40.182v12h14v-12H14z M20,42.182v3h-4v-3H20z M16,47.182h4v3h-4V47.182z M22,50.182v-3h4v3H22z M26,45.182h-4v-3h4\n\t\tV45.182z\"><\/path><path d=\"M32,36.182h14v-10H32V36.182z M34,34.182v-1h10v1H34z M44,28.182v3H34v-3H44z\"><\/path><path d=\"M59,48.182c-0.553,0-1,0.448-1,1v1h-1v-1c0-0.552-0.447-1-1-1s-1,0.448-1,1v1h-1V29.978\n\t\tc0.521,0.234,1.073,0.363,1.626,0.363c1.073,0,2.139-0.436,2.927-1.284c0.76-0.818,1.145-1.925,1.057-3.038\n\t\tc-0.089-1.112-0.644-2.145-1.522-2.833L32.722,3.345L30,0.818L27.343,3.29L1.913,23.186c-0.879,0.688-1.434,1.721-1.522,2.833\n\t\tc-0.088,1.113,0.297,2.22,1.057,3.038c1.194,1.286,3.021,1.61,4.553,0.922v20.204H5v-1c0-0.552-0.447-1-1-1s-1,0.448-1,1v1H2v-1\n\t\tc0-0.552-0.447-1-1-1s-1,0.448-1,1v9c0,0.552,0.447,1,1,1s1-0.448,1-1v-1h1v1c0,0.552,0.447,1,1,1s1-0.448,1-1v-1h1v2h26h14h8v-2h1\n\t\tv1c0,0.552,0.447,1,1,1s1-0.448,1-1v-1h1v1c0,0.552,0.447,1,1,1s1-0.448,1-1v-9C60,48.63,59.553,48.182,59,48.182z M2.912,27.695\n\t\tc-0.385-0.415-0.572-0.954-0.527-1.518c0.045-0.564,0.314-1.067,0.761-1.416L28.64,4.811l1.361-1.265l1.424,1.319l25.43,19.896\n\t\tc0.446,0.349,0.716,0.852,0.761,1.416c0.045,0.564-0.143,1.104-0.527,1.518c-0.708,0.762-1.861,0.858-2.686,0.223L54,27.608v0\n\t\tl-24-18.5l-23.61,18.2l-0.001,0.001l-0.791,0.609C4.772,28.553,3.62,28.457,2.912,27.695z M2,55.182v-3h1v3H2z M5,55.182v-3h1v3H5z\n\t\t M34,57.182v-15h10v15H34z M52,57.182h-6v-17H32v17H8V28.591l22-16.959l22,16.959V57.182z M54,55.182v-3h1v3H54z M57,55.182v-3h1v3\n\t\tH57z\"><\/path>\n<\/g><\/svg><\/span>\n                <h5 class=\"u-custom-font u-font-montserrat u-text u-text-7\"> Inne<\/h5>\n                <p class=\"u-text u-text-grey-40 u-text-8\">W ramach pobytu istnieje mo\u017cliwo\u015b\u0107 Wypo\u017cyczenia rower\u00f3w.Nasz zajazd \nznajduje si\u0119 prze \u015bcie\u017cce rowerowej ,kt\u00f3r\u0105 dotrzemy do kwatery Hitlera \nlub na pobliskie jeziora.<\/p>\n              <\/div>\n            <\/div>\n            <div class=\"u-align-center u-container-align-center u-container-style u-custom-item u-hover-feature u-list-item u-repeater-item u-border-palette-3-base u-border-2 u-list-item-4\">\n              <div class=\"u-container-layout u-similar-container u-container-layout-4\"><span class=\"u-icon u-text-palette-3-base u-icon-4\"><svg class=\"u-svg-link\" preserveAspectRatio=\"xMidYMin slice\" viewBox=\"0 0 58 58\" style=\"\"><use xmlns:xlink=\"http:\/\/www.w3.org\/1999\/xlink\" xlink:href=\"#svg-2f7b\"><\/use><\/svg><svg class=\"u-svg-content\" viewBox=\"0 0 58 58\" x=\"0px\" y=\"0px\" id=\"svg-2f7b\" style=\"enable-background:new 0 0 58 58;\"><path d=\"M50.688,48.222C55.232,43.101,58,36.369,58,29c0-7.667-2.996-14.643-7.872-19.834c0,0,0-0.001,0-0.001\n\tc-0.004-0.006-0.01-0.008-0.013-0.013c-5.079-5.399-12.195-8.855-20.11-9.126l-0.001-0.001L29.439,0.01C29.293,0.005,29.147,0,29,0\n\ts-0.293,0.005-0.439,0.01l-0.563,0.015l-0.001,0.001c-7.915,0.271-15.031,3.727-20.11,9.126c-0.004,0.005-0.01,0.007-0.013,0.013\n\tc0,0,0,0.001-0.001,0.002C2.996,14.357,0,21.333,0,29c0,7.369,2.768,14.101,7.312,19.222c0.006,0.009,0.006,0.019,0.013,0.028\n\tc0.018,0.025,0.044,0.037,0.063,0.06c5.106,5.708,12.432,9.385,20.608,9.665l0.001,0.001l0.563,0.015C28.707,57.995,28.853,58,29,58\n\ts0.293-0.005,0.439-0.01l0.563-0.015l0.001-0.001c8.185-0.281,15.519-3.965,20.625-9.685c0.013-0.017,0.034-0.022,0.046-0.04\n\tC50.682,48.241,50.682,48.231,50.688,48.222z M2.025,30h12.003c0.113,4.239,0.941,8.358,2.415,12.217\n\tc-2.844,1.029-5.563,2.409-8.111,4.131C4.585,41.891,2.253,36.21,2.025,30z M8.878,11.023c2.488,1.618,5.137,2.914,7.9,3.882\n\tC15.086,19.012,14.15,23.44,14.028,28H2.025C2.264,21.493,4.812,15.568,8.878,11.023z M55.975,28H43.972\n\tc-0.122-4.56-1.058-8.988-2.75-13.095c2.763-0.968,5.412-2.264,7.9-3.882C53.188,15.568,55.736,21.493,55.975,28z M28,14.963\n\tc-2.891-0.082-5.729-0.513-8.471-1.283C21.556,9.522,24.418,5.769,28,2.644V14.963z M28,16.963V28H16.028\n\tc0.123-4.348,1.035-8.565,2.666-12.475C21.7,16.396,24.821,16.878,28,16.963z M30,16.963c3.179-0.085,6.3-0.566,9.307-1.438\n\tc1.631,3.91,2.543,8.127,2.666,12.475H30V16.963z M30,14.963V2.644c3.582,3.125,6.444,6.878,8.471,11.036\n\tC35.729,14.45,32.891,14.881,30,14.963z M40.409,13.072c-1.921-4.025-4.587-7.692-7.888-10.835\n\tc5.856,0.766,11.125,3.414,15.183,7.318C45.4,11.017,42.956,12.193,40.409,13.072z M17.591,13.072\n\tc-2.547-0.879-4.991-2.055-7.294-3.517c4.057-3.904,9.327-6.552,15.183-7.318C22.178,5.38,19.512,9.047,17.591,13.072z M16.028,30\n\tH28v10.038c-3.307,0.088-6.547,0.604-9.661,1.541C16.932,37.924,16.141,34.019,16.028,30z M28,42.038v13.318\n\tc-3.834-3.345-6.84-7.409-8.884-11.917C21.983,42.594,24.961,42.124,28,42.038z M30,55.356V42.038\n\tc3.039,0.085,6.017,0.556,8.884,1.4C36.84,47.947,33.834,52.011,30,55.356z M30,40.038V30h11.972\n\tc-0.113,4.019-0.904,7.924-2.312,11.58C36.547,40.642,33.307,40.126,30,40.038z M43.972,30h12.003\n\tc-0.228,6.21-2.559,11.891-6.307,16.348c-2.548-1.722-5.267-3.102-8.111-4.131C43.032,38.358,43.859,34.239,43.972,30z\n\t M9.691,47.846c2.366-1.572,4.885-2.836,7.517-3.781c1.945,4.36,4.737,8.333,8.271,11.698C19.328,54.958,13.823,52.078,9.691,47.846\n\tz M32.521,55.763c3.534-3.364,6.326-7.337,8.271-11.698c2.632,0.945,5.15,2.209,7.517,3.781\n\tC44.177,52.078,38.672,54.958,32.521,55.763z\"><\/path><\/svg><\/span>\n                <h5 class=\"u-custom-font u-font-montserrat u-text u-text-9\"> Efekty<\/h5>\n                <p class=\"u-text u-text-grey-40 u-text-10\">W sezonie&nbsp; od 1 maja do 30 wrze\u015bnia cena noclegu wynosi 70 z\u0142,w \npozosta\u0142ych miesi\u0105cach cena za nocleg wynosi 60 z\u0142.Dla dzieci do 5 lat \nobowi\u0105zuje zni\u017cka 50%<\/p>\n              <\/div>\n            <\/div>\n            <div class=\"u-align-center u-container-align-center u-container-style u-custom-item u-hover-feature u-list-item u-repeater-item u-border-palette-3-base u-border-2 u-palette-3-light-3 u-list-item-5\">\n              <div class=\"u-container-layout u-similar-container u-container-layout-5\"><span class=\"u-icon u-text-palette-3-base u-icon-5\"><svg class=\"u-svg-link\" preserveAspectRatio=\"xMidYMin slice\" viewBox=\"0 0 60 60\" style=\"\"><use xmlns:xlink=\"http:\/\/www.w3.org\/1999\/xlink\" xlink:href=\"#svg-701d\"><\/use><\/svg><svg class=\"u-svg-content\" viewBox=\"0 0 60 60\" x=\"0px\" y=\"0px\" id=\"svg-701d\" style=\"enable-background:new 0 0 60 60;\"><path d=\"M55.014,45.389l-9.553-4.776C44.56,40.162,44,39.256,44,38.248v-3.381c0.229-0.28,0.47-0.599,0.719-0.951\n\tc1.239-1.75,2.232-3.698,2.954-5.799C49.084,27.47,50,26.075,50,24.5v-4c0-0.963-0.36-1.896-1-2.625v-5.319\n\tc0.056-0.55,0.276-3.824-2.092-6.525C44.854,3.688,41.521,2.5,37,2.5s-7.854,1.188-9.908,3.53c-1.435,1.637-1.918,3.481-2.064,4.805\n\tC23.314,9.949,21.294,9.5,19,9.5c-10.389,0-10.994,8.855-11,9v4.579c-0.648,0.706-1,1.521-1,2.33v3.454\n\tc0,1.079,0.483,2.085,1.311,2.765c0.825,3.11,2.854,5.46,3.644,6.285v2.743c0,0.787-0.428,1.509-1.171,1.915l-6.653,4.173\n\tC1.583,48.134,0,50.801,0,53.703V57.5h14h2h44v-4.043C60,50.019,58.089,46.927,55.014,45.389z M14,53.262V55.5H2v-1.797\n\tc0-2.17,1.184-4.164,3.141-5.233l6.652-4.173c1.333-0.727,2.161-2.121,2.161-3.641v-3.591l-0.318-0.297\n\tc-0.026-0.024-2.683-2.534-3.468-5.955l-0.091-0.396l-0.342-0.22C9.275,29.899,9,29.4,9,28.863v-3.454\n\tc0-0.36,0.245-0.788,0.671-1.174L10,23.938l-0.002-5.38C10.016,18.271,10.537,11.5,19,11.5c2.393,0,4.408,0.553,6,1.644v4.731\n\tc-0.64,0.729-1,1.662-1,2.625v4c0,0.304,0.035,0.603,0.101,0.893c0.027,0.116,0.081,0.222,0.118,0.334\n\tc0.055,0.168,0.099,0.341,0.176,0.5c0.001,0.002,0.002,0.003,0.003,0.005c0.256,0.528,0.629,1,1.099,1.377\n\tc0.005,0.019,0.011,0.036,0.016,0.054c0.06,0.229,0.123,0.457,0.191,0.68l0.081,0.261c0.014,0.046,0.031,0.093,0.046,0.139\n\tc0.035,0.108,0.069,0.215,0.105,0.321c0.06,0.175,0.123,0.356,0.196,0.553c0.031,0.082,0.065,0.156,0.097,0.237\n\tc0.082,0.209,0.164,0.411,0.25,0.611c0.021,0.048,0.039,0.1,0.06,0.147l0.056,0.126c0.026,0.058,0.053,0.11,0.079,0.167\n\tc0.098,0.214,0.194,0.421,0.294,0.621c0.016,0.032,0.031,0.067,0.047,0.099c0.063,0.125,0.126,0.243,0.189,0.363\n\tc0.108,0.206,0.214,0.4,0.32,0.588c0.052,0.092,0.103,0.182,0.154,0.269c0.144,0.246,0.281,0.472,0.414,0.682\n\tc0.029,0.045,0.057,0.092,0.085,0.135c0.242,0.375,0.452,0.679,0.626,0.916c0.046,0.063,0.086,0.117,0.125,0.17\n\tc0.022,0.029,0.052,0.071,0.071,0.097v3.309c0,0.968-0.528,1.856-1.377,2.32l-2.646,1.443l-0.461-0.041l-0.188,0.395l-5.626,3.069\n\tC15.801,46.924,14,49.958,14,53.262z M58,55.5H16v-2.238c0-2.571,1.402-4.934,3.659-6.164l8.921-4.866\n\tC30.073,41.417,31,39.854,31,38.155v-4.018v-0.001l-0.194-0.232l-0.038-0.045c-0.002-0.003-0.064-0.078-0.165-0.21\n\tc-0.006-0.008-0.012-0.016-0.019-0.024c-0.053-0.069-0.115-0.152-0.186-0.251c-0.001-0.002-0.002-0.003-0.003-0.005\n\tc-0.149-0.207-0.336-0.476-0.544-0.8c-0.005-0.007-0.009-0.015-0.014-0.022c-0.098-0.153-0.202-0.32-0.308-0.497\n\tc-0.008-0.013-0.016-0.026-0.024-0.04c-0.226-0.379-0.466-0.808-0.705-1.283c0,0-0.001-0.001-0.001-0.002\n\tc-0.127-0.255-0.254-0.523-0.378-0.802l0,0c-0.017-0.039-0.035-0.077-0.052-0.116h0c-0.055-0.125-0.11-0.256-0.166-0.391\n\tc-0.02-0.049-0.04-0.1-0.06-0.15c-0.052-0.131-0.105-0.263-0.161-0.414c-0.102-0.272-0.198-0.556-0.29-0.849l-0.055-0.178\n\tc-0.006-0.02-0.013-0.04-0.019-0.061c-0.094-0.316-0.184-0.639-0.26-0.971l-0.091-0.396l-0.341-0.22\n\tC26.346,25.803,26,25.176,26,24.5v-4c0-0.561,0.238-1.084,0.67-1.475L27,18.728V12.5v-0.354l-0.027-0.021\n\tc-0.034-0.722,0.009-2.935,1.623-4.776C30.253,5.458,33.081,4.5,37,4.5c3.905,0,6.727,0.951,8.386,2.828\n\tc1.947,2.201,1.625,5.017,1.623,5.041L47,18.728l0.33,0.298C47.762,19.416,48,19.939,48,20.5v4c0,0.873-0.572,1.637-1.422,1.899\n\tl-0.498,0.153l-0.16,0.495c-0.669,2.081-1.622,4.003-2.834,5.713c-0.297,0.421-0.586,0.794-0.837,1.079L42,34.123v4.125\n\tc0,1.77,0.983,3.361,2.566,4.153l9.553,4.776C56.513,48.374,58,50.78,58,53.457V55.5z\"><\/path><\/svg><\/span>\n                <h5 class=\"u-custom-font u-font-montserrat u-text u-text-11\"> Domek<\/h5>\n                <p class=\"u-text u-text-grey-40 u-text-12\">Koszt wynajmu domku - 600 z\u0142 doba,dodatkowo kaucja za domek wynosi 300 \nz\u0142.Mo\u017cliwo\u015b\u0107 negocjacji cen przy d\u0142u\u017cszych pobytach.Gwarancj\u0105 rezerwacji\n jest wp\u0142ata zadatku<\/p>\n              <\/div>\n            <\/div>\n            <div class=\"u-align-center u-container-align-center u-container-style u-custom-item u-hover-feature u-list-item u-repeater-item u-border-palette-3-base u-border-2 u-list-item-6\">\n              <div class=\"u-container-layout u-similar-container u-container-layout-6\"><span class=\"u-icon u-text-palette-3-base u-icon-6\"><svg class=\"u-svg-link\" preserveAspectRatio=\"xMidYMin slice\" viewBox=\"0 0 60 60\" style=\"\"><use xmlns:xlink=\"http:\/\/www.w3.org\/1999\/xlink\" xlink:href=\"#svg-206d\"><\/use><\/svg><svg class=\"u-svg-content\" viewBox=\"0 0 60 60\" x=\"0px\" y=\"0px\" id=\"svg-206d\" style=\"enable-background:new 0 0 60 60;\"><g><path d=\"M55.201,15.5h-8.524l-4-10H17.323l-4,10H12v-5H6v5H4.799C2.152,15.5,0,17.652,0,20.299v29.368\n\t\tC0,52.332,2.168,54.5,4.833,54.5h50.334c2.665,0,4.833-2.168,4.833-4.833V20.299C60,17.652,57.848,15.5,55.201,15.5z M8,12.5h2v3H8\n\t\tV12.5z M58,49.667c0,1.563-1.271,2.833-2.833,2.833H4.833C3.271,52.5,2,51.229,2,49.667V20.299C2,18.756,3.256,17.5,4.799,17.5H6h6\n\t\th2.677l4-10h22.646l4,10h9.878c1.543,0,2.799,1.256,2.799,2.799V49.667z\"><\/path><path d=\"M30,14.5c-9.925,0-18,8.075-18,18s8.075,18,18,18s18-8.075,18-18S39.925,14.5,30,14.5z M30,48.5c-8.822,0-16-7.178-16-16\n\t\ts7.178-16,16-16s16,7.178,16,16S38.822,48.5,30,48.5z\"><\/path><path d=\"M30,20.5c-6.617,0-12,5.383-12,12s5.383,12,12,12s12-5.383,12-12S36.617,20.5,30,20.5z M30,42.5c-5.514,0-10-4.486-10-10\n\t\ts4.486-10,10-10s10,4.486,10,10S35.514,42.5,30,42.5z\"><\/path><path d=\"M52,19.5c-2.206,0-4,1.794-4,4s1.794,4,4,4s4-1.794,4-4S54.206,19.5,52,19.5z M52,25.5c-1.103,0-2-0.897-2-2s0.897-2,2-2\n\t\ts2,0.897,2,2S53.103,25.5,52,25.5z\"><\/path>\n<\/g><\/svg><\/span>\n                <h5 class=\"u-custom-font u-font-montserrat u-text u-text-13\"> Grupowe<\/h5>\n                <p class=\"u-text u-text-grey-40 u-text-14\">Dla grup zorganizowanych istnieje mo\u017cliwo\u015b\u0107 zorganizowania \"prawdziwego \ngrila\".W sezonie zimowym organizujemy kuligi po tutejszych lasach<\/p>\n              <\/div>\n            <\/div>\n          <\/div>\n        <\/div>\n      <\/div>\n      \n      \n      \n      \n      \n      \n    <\/section>\n    <section class=\"u-align-center u-clearfix u-container-align-center u-grey-10 u-section-3\" id=\"sec-c188\">\n      <div class=\"u-clearfix u-sheet u-sheet-1\">\n        <h2 class=\"u-text u-text-1\">Zakochaj si\u0119 w ziemi Mazurskiej<\/h2>\n        <p class=\"u-text u-text-2\">&nbsp;<a href=\"https:\/\/meteor-turystyka.pl\/agrokwiedzina,kwiedzina.html\" class=\"u-active-none u-border-none u-btn u-button-link u-button-style u-hover-none u-none u-text-palette-1-base u-btn-1\" target=\"_blank\">Nasz zajazd<\/a> znajduje si\u0119 oko\u0142o 6 km od K\u0119trzyna.Od strony Gi\u017cycka \nkierowa\u0107 si\u0119 na K\u0119trzyn od K\u0119trzyna na Gi\u017cycko:)Poruszamy si\u0119 drog\u0105 \nkrajow\u0105 592.Znajdujemy si\u0119 oko\u0142o 500 metr\u00f3w od drogi.Jest idealne \nmiejsce wypadowe i noclegowe w pobli\u017cu  do zwiedzania i aktywnego wypoczynku.W pobli\u017cu znajduje si\u0119 \u015bcie\u017cka \nrowerowa kt\u00f3r\u0105 mo\u017cna dosta\u0107 si\u0119 do Wilczego Sza\u0144ca,oko\u0142o 6 km.W pobli\u017cu \nmn\u00f3stwo atrakcji gdzie ka\u017cdy znajdzie co\u015b dla siebie.Wymieni\u0119 tylko te \nnajwa\u017cniejsze:twierdza BOYEN,Wilczy Szaniec,Mamerki,\u015aw.Lipka,Zamek w \nK\u0119trzynie lub Rynie oraz wiele innych.<br> W niedalekiej \nodleg\u0142o\u015bci oko\u0142o 1 km znajduje si\u0119 jezioro Tuchel idealne miejsce dla \nw\u0119dkarzy.Mi\u0142o\u015bnicy grzyb\u00f3w maj\u0105 w odleg\u0142o\u015bci 0,5 km do dyspozycji lasy \npe\u0142ne grzyb\u00f3w.Nasi go\u015bcie mog\u0105 wypo\u017cyczy\u0107 rowery na wycieczki rodzinne \npo okolicznych \u015bcie\u017ckach rowerowych.&nbsp; &nbsp; &nbsp; &nbsp; &nbsp;&nbsp; \n        <\/p>\n        <div class=\"u-border-2 u-border-palette-2-base u-video u-video-contain u-video-1\">\n          <div class=\"embed-responsive embed-responsive-1\">\n            <iframe style=\"position: absolute;top: 0;left: 0;width: 100%;height: 100%;\" class=\"embed-responsive-item lazyload\" allowfullscreen=\"\" frameborder=\"0\" data-src=\"https:\/\/www.youtube.com\/embed\/9SAvb8G0tG4?mute=0&amp;showinfo=1&amp;controls=1&amp;start=0\"><\/iframe>\n          <\/div>\n        <\/div>\n      <\/div>\n    <\/section>\n    \n    \n    \n    \n  \n","protected":false},"excerpt":{"rendered":"<p>To my jeste\u015bmy dla was najwi\u0119kszym podzi\u0119kowaniem jest wasz powr\u00f3t na mazurskie jeziora Strategia Nasz sukces jest zale\u017cny od WAS,dlatego te\u017c nasi klienci s\u0105 dla nas najwa\u017cniejsi. Rozwi\u0105zania Wszelkiego rodzaju pytania oraz nietypowe wymagania odno\u015bnie pobytu,prosimy zg\u0142asza\u0107 telefonicznie lub poprzez formularz kontaktowy Inne W ramach pobytu istnieje mo\u017cliwo\u015b\u0107 Wypo\u017cyczenia rower\u00f3w.Nasz zajazd znajduje si\u0119 prze \u015bcie\u017cce &hellip; <a href=\"https:\/\/www.ulabana.x01.pl\/?page_id=68\" class=\"more-link\">Continue reading<span class=\"screen-reader-text\"> &#8222;O NAS&#8221;<\/span><\/a><\/p>\n","protected":false},"author":1,"featured_media":0,"parent":0,"menu_order":5,"comment_status":"closed","ping_status":"closed","template":"","meta":{"footnotes":""},"class_list":["post-68","page","type-page","status-publish","hentry"],"_links":{"self":[{"href":"https:\/\/www.ulabana.x01.pl\/index.php?rest_route=\/wp\/v2\/pages\/68","targetHints":{"allow":["GET"]}}],"collection":[{"href":"https:\/\/www.ulabana.x01.pl\/index.php?rest_route=\/wp\/v2\/pages"}],"about":[{"href":"https:\/\/www.ulabana.x01.pl\/index.php?rest_route=\/wp\/v2\/types\/page"}],"author":[{"embeddable":true,"href":"https:\/\/www.ulabana.x01.pl\/index.php?rest_route=\/wp\/v2\/users\/1"}],"replies":[{"embeddable":true,"href":"https:\/\/www.ulabana.x01.pl\/index.php?rest_route=%2Fwp%2Fv2%2Fcomments&post=68"}],"version-history":[{"count":2,"href":"https:\/\/www.ulabana.x01.pl\/index.php?rest_route=\/wp\/v2\/pages\/68\/revisions"}],"predecessor-version":[{"id":107,"href":"https:\/\/www.ulabana.x01.pl\/index.php?rest_route=\/wp\/v2\/pages\/68\/revisions\/107"}],"wp:attachment":[{"href":"https:\/\/www.ulabana.x01.pl\/index.php?rest_route=%2Fwp%2Fv2%2Fmedia&parent=68"}],"curies":[{"name":"wp","href":"https:\/\/api.w.org\/{rel}","templated":true}]}}