{"id":70,"date":"2024-10-04T06:39:32","date_gmt":"2024-10-04T06:39:32","guid":{"rendered":"http:\/\/www.ulabana.x01.pl\/?page_id=70"},"modified":"2024-10-04T06:39:37","modified_gmt":"2024-10-04T06:39:37","slug":"historia","status":"publish","type":"page","link":"https:\/\/www.ulabana.x01.pl\/?page_id=70","title":{"rendered":"HISTORIA"},"content":{"rendered":"\n  \n    <section class=\"u-align-left-sm u-align-left-xs u-clearfix u-grey-10 u-section-1\" id=\"sec-fc7b\">\n      <div class=\"u-clearfix u-sheet u-sheet-1\">\n        <h2 class=\"u-text u-text-1\"> Kwiedzina<\/h2>\n        <div class=\"u-shape u-shape-svg u-text-palette-4-light-2 u-shape-1\" data-animation-name=\"customAnimationIn\" data-animation-duration=\"1000\" data-animation-direction=\"\">\n          <svg class=\"u-svg-link\" preserveAspectRatio=\"none\" viewBox=\"0 0 160 160\" style=\"\"><use xmlns:xlink=\"http:\/\/www.w3.org\/1999\/xlink\" xlink:href=\"#svg-ab91\"><\/use><\/svg>\n          <svg class=\"u-svg-content\" viewBox=\"0 0 160 160\" x=\"0px\" y=\"0px\" id=\"svg-ab91\"><path d=\"M114.3,152.3l38-38C144.4,130.9,130.9,144.4,114.3,152.3z M117.1,9.1l-108,108c0.8,1.6,1.7,3.2,2.7,4.8l110-110\n\tC120.3,10.9,118.7,10,117.1,9.1z M97.5,2L2,97.5c0.4,2,1,4,1.5,5.9l99.9-99.9C101.5,2.9,99.5,2.4,97.5,2z M80,160c2,0,4-0.1,5.9-0.2\n\tl73.9-73.9c0.1-2,0.2-3.9,0.2-5.9c0-0.6,0-1.2,0-1.9L78.1,160C78.8,160,79.4,160,80,160z M34.9,146.1c1.5,1,3,2,4.6,2.9L149,39.5\n\tc-0.9-1.6-1.9-3.1-2.9-4.6L34.9,146.1z M132.7,19.8L19.8,132.7c1.2,1.3,2.3,2.6,3.6,3.9L136.6,23.4C135.3,22.2,134,21,132.7,19.8z\n\t M59.6,157.4l97.8-97.8c-0.5-1.9-1.1-3.8-1.7-5.7L53.9,155.6C55.8,156.3,57.7,156.9,59.6,157.4z M7.6,45.9L45.9,7.6\n\tC29.1,15.5,15.5,29.1,7.6,45.9z M80,0c-2.6,0-5.1,0.1-7.6,0.4l-72,72C0.1,74.9,0,77.4,0,80c0,0.1,0,0.2,0,0.2L80.2,0\n\tC80.2,0,80.1,0,80,0z\"><\/path><\/svg>\n        <\/div>\n        <img class=\"u-align-left u-image u-image-default lazyload u-image-1\" data-image-width=\"1920\" data-image-height=\"1081\" data-animation-name=\"customAnimationIn\" data-animation-duration=\"1000\" data-src=\"https:\/\/www.ulabana.x01.pl\/wp-content\/uploads\/2024\/10\/7.jpg\">\n        <div class=\"u-align-left u-container-align-left u-container-style u-group u-shape-rectangle u-white u-group-1\">\n          <div class=\"u-container-layout u-container-layout-1\">\n            <p class=\"u-align-left u-text u-text-2\">Wie\u015b w Polsce po\u0142o\u017cona w wojew\u00f3dztwie warmi\u0144sko-mazurskim, w powiecie \nk\u0119trzy\u0144skim, w gminie K\u0119trzyn, so\u0142ectwo Po\u017carki. W latach 1975\u20131998 \nmiejscowo\u015b\u0107 administracyjnie nale\u017ca\u0142a do wojew\u00f3dztwa olszty\u0144skiego. We \nwczesnym \u015bredniowieczu istnia\u0142a tu osada pruska, po kt\u00f3rej zachowa\u0142o si\u0119\n grodzisko zwane Zamkow\u0105 G\u00f3r\u0105.&nbsp;Czasy historyczne wsi \nzaczynaj\u0105 si\u0119 w 1343 r., gdy na 33 w\u0142\u00f3kach osadzeni zostali Prusowie: \nWarpun, Weysnor (od tego nazwiska pochodzi przypuszczalnie nazwa wsi \nWajsznory), Meirun i Bartold. M\u0142yn wodny w Kwiedzinie za\u0142o\u017cony zosta\u0142 \nprzez Krzy\u017cak\u00f3w w 1373 r. M\u0142yn ten przekaza\u0142 Matzkemu w 1492 r. \nprokurator k\u0119trzy\u0144ski Jordan. Po m\u0142ynie wodnym pozosta\u0142 tu staw m\u0142y\u0144ski \nna strumieniu Kwiedzianka. W XIX w. i w pierwszych latach XX w. \nw\u0142a\u015bcicielami Kwiedziny by\u0142a rodzina v. Suchodoletz, potomkowie arianina\n Samuela Suchodolskiego ze Starej R\u00f3\u017canki. Przedstawiciele tej rodziny \nznani s\u0105 z dzia\u0142alno\u015bci w k\u0119trzy\u0144skiej lo\u017cy maso\u0144skiej \u201eTrzech bram \n\u015awi\u0105tyni\u201d (\u201eZu den drei Thoren des Temples\u201d): Ferdynand von Suchodoletz \n(lektor lo\u017cy w latach 1819\u20131820, II ja\u0142mu\u017cnik w latach 1822\u20131823, I \nja\u0142mu\u017cnik w latach 1823\u20131824), Oskar von Suchodoletz (stra\u017cnik lo\u017cy \n1851\u20131858). Suchodolcowie w Kwiedzinie wybudowali drewniany wiatrak typu\n holenderskiego, po kt\u00f3rym nie ma \u015bladu. W 1913 r. w\u0142a\u015bcicielem \nKwiedziny by\u0142 Karl Phol.Maj\u0105tek ziemski w Kwiedzinie wraz z \nfolwarkiem w Kruszewcu mia\u0142 powierzchni\u0119 og\u00f3ln\u0105 503 ha. W tym czasie \nprowadzono tam hodowl\u0119 185 szt byd\u0142a, w tym 36 kr\u00f3w, 20 szt owiec i 500 \nszt trzody chlewnej. W 1917 r. w Kwiedzinie by\u0142o 9 budynk\u00f3w \nmieszkalnych, w kt\u00f3rych mieszka\u0142y 82 osoby. W czasie II wojny \u015bwiatowej \nprzez Kwiedzin\u0119 przebiega\u0142a trasa \u0142\u0105cz\u0105ca kwater\u0119 g\u0142\u00f3wn\u0105 Hitlera Wilczy \nSzaniec z lotniskiem K\u0119trzyn-Wilamowo. Po 1945 r. maj\u0105tek Kwiedzina \njaki\u015b czas funkcjonowa\u0142 jako PGR. W Kwiedzinie w 1970 r. by\u0142o 50 \nmieszka\u0144c\u00f3w, a w 2000 r. 34. W Kwiedzinie obecnie funkcjonuj\u0105 dwa \ngospodarstwa agroturystyczne.&nbsp;<br>\n              <br>\n              <br>\n            <\/p>\n            <p class=\"u-align-right u-text u-text-3\">\u017ar\u00f3d\u0142o:<a href=\"www.wikipedia.org\" class=\"u-active-none u-border-none u-btn u-button-link u-button-style u-hover-none u-none u-text-palette-1-base u-btn-1\" target=\"_blank\">WIKIPEDIA<\/a>\n            <\/p>\n          <\/div>\n        <\/div>\n      <\/div>\n    <\/section>\n    \n    \n    \n    \n    \n  \n","protected":false},"excerpt":{"rendered":"<p>Kwiedzina Wie\u015b w Polsce po\u0142o\u017cona w wojew\u00f3dztwie warmi\u0144sko-mazurskim, w powiecie k\u0119trzy\u0144skim, w gminie K\u0119trzyn, so\u0142ectwo Po\u017carki. W latach 1975\u20131998 miejscowo\u015b\u0107 administracyjnie nale\u017ca\u0142a do wojew\u00f3dztwa olszty\u0144skiego. We wczesnym \u015bredniowieczu istnia\u0142a tu osada pruska, po kt\u00f3rej zachowa\u0142o si\u0119 grodzisko zwane Zamkow\u0105 G\u00f3r\u0105.&nbsp;Czasy historyczne wsi zaczynaj\u0105 si\u0119 w 1343 r., gdy na 33 w\u0142\u00f3kach osadzeni zostali Prusowie: Warpun, &hellip; <a href=\"https:\/\/www.ulabana.x01.pl\/?page_id=70\" class=\"more-link\">Continue reading<span class=\"screen-reader-text\"> &#8222;HISTORIA&#8221;<\/span><\/a><\/p>\n","protected":false},"author":1,"featured_media":0,"parent":0,"menu_order":7,"comment_status":"closed","ping_status":"closed","template":"","meta":{"footnotes":""},"class_list":["post-70","page","type-page","status-publish","hentry"],"_links":{"self":[{"href":"https:\/\/www.ulabana.x01.pl\/index.php?rest_route=\/wp\/v2\/pages\/70","targetHints":{"allow":["GET"]}}],"collection":[{"href":"https:\/\/www.ulabana.x01.pl\/index.php?rest_route=\/wp\/v2\/pages"}],"about":[{"href":"https:\/\/www.ulabana.x01.pl\/index.php?rest_route=\/wp\/v2\/types\/page"}],"author":[{"embeddable":true,"href":"https:\/\/www.ulabana.x01.pl\/index.php?rest_route=\/wp\/v2\/users\/1"}],"replies":[{"embeddable":true,"href":"https:\/\/www.ulabana.x01.pl\/index.php?rest_route=%2Fwp%2Fv2%2Fcomments&post=70"}],"version-history":[{"count":1,"href":"https:\/\/www.ulabana.x01.pl\/index.php?rest_route=\/wp\/v2\/pages\/70\/revisions"}],"predecessor-version":[{"id":84,"href":"https:\/\/www.ulabana.x01.pl\/index.php?rest_route=\/wp\/v2\/pages\/70\/revisions\/84"}],"wp:attachment":[{"href":"https:\/\/www.ulabana.x01.pl\/index.php?rest_route=%2Fwp%2Fv2%2Fmedia&parent=70"}],"curies":[{"name":"wp","href":"https:\/\/api.w.org\/{rel}","templated":true}]}}